{"id":1114,"date":"2023-12-02T11:14:48","date_gmt":"2023-12-02T11:14:48","guid":{"rendered":"https:\/\/pianetadonna.aogoi.it\/?page_id=1114"},"modified":"2024-06-12T10:19:21","modified_gmt":"2024-06-12T08:19:21","slug":"cookie-policy","status":"publish","type":"page","link":"https:\/\/pianetadonna.aogoi.it\/en\/cookie-policy\/","title":{"rendered":"Cookie Policy"},"content":{"rendered":"<p><strong>Uso dei Cookies in questo sito<\/strong><br \/>\nNella presente cookie policy viene descritto l&#8217;utilizzo dei cookies di questo sito. L&#8217;uso di c.d. cookies di sessione (che non vengono memorizzati in modo persistente sul computer dell&#8217;utente e svaniscono con la chiusura del browser) permette la trasmissione di identificativi di sessione (costituiti da numeri casuali generati dal server) necessari per consentire l&#8217;esplorazione sicura ed efficiente del sito.<br \/>\nI c.d. cookies di sessione utilizzati in questo sito evitano il ricorso ad altre tecniche informatiche potenzialmente pregiudizievoli per la riservatezza della navigazione degli utenti e non consentono l&#8217;acquisizione di dati personali identificativi dell&#8217;utente. Titolare del trattamento dei dati personali \u00e8 la societ\u00e0 cui fa riferimento il sito stesso, come individuata nella home page del sito stesso.<\/p>\n<p><strong>Che cos&#8217;\u00e8 un cookie? Per fornirti ogni utile informazione sui cookie e sul loro utilizzo anche solo potenziale e per sapere come modificare il settaggio del tuo browser relativamente all&#8217;uso dei cookie ti invitiamo a leggere questa descrizione dettagliata.<\/strong><\/p>\n<p><strong>Cookie del browser:<\/strong><br \/>\nI cookie sono porzioni di informazioni che il sito Web inserisce nel tuo dispositivo di navigazione quando visiti una pagina. Possono comportare la trasmissione di informazioni tra il sito Web e il tuo dispositivo, e tra quest&#8217;ultimo e altri siti che operano per conto nostro o in privato, conformemente a quanto stabilito nella rispettiva Informativa sulla privacy.<br \/>\nPossiamo utilizzare i cookie per riunire le informazioni che raccogliamo su di te. Puoi decidere di ricevere un avviso ogni volta che viene inviato un cookie o di disabilitare tutti i cookie modificando le impostazioni del browser. Disabilitando i cookie, tuttavia, alcuni dei nostri servizi potrebbero non funzionare correttamente e non potrai accedere a numerose funzionalit\u00e0 pensate per ottimizzare la tua esperienza di navigazione nel sito. Per maggiori informazioni sulla gestione o la disabilitazione dei cookie del browser, consulta l&#8217;ultima sezione della presente Politica sui cookie.<\/p>\n<p>Utilizziamo varie tipologie di cookie con funzioni diverse. Per quanto riguarda i cookie tecnici, potremo utilizzare cookies proprietari persistenti e di sessione al solo fine di favorire la navigazione efficiente del sito. Ci riserviamo di pubblicare una tabella periodicamente aggiornata per indicare i tipi di cookie utilizzati e i riferimenti utili per conoscere le specifiche finalit\u00e0 di utilizzo.<\/p>\n<p>Qui di seguito riportiamo una descrizione sintetica delle principali tipologie di cookie tecnicamente utilizzabili.<\/p>\n<p><strong>1. Cookie strettamente necessari<\/strong><br \/>\nQuesti cookie sono fondamentali per poter navigare sul sito Web e utilizzare alcune funzionalit\u00e0. Senza i cookie strettamente necessari, i servizi online che normalmente sono offerti dal sito, potrebbero non essere accessibili se la loro erogazione si basa esclusivamente su cookie di questa natura. Infatti i cookie di questo tipo permettono all&#8217;utente di navigare in modo efficiente tra le pagine di un sito web e di utilizzare le diverse opzioni e servizi proposti. Consentono, ad esempio di identificare una sessione, accedere ad aree riservate, ricordare gli elementi che compongono una richiesta formulata in precedenza, perfezionare un ordine di acquisto o la memorizzazione di un preventivo.<\/p>\n<p>Non \u00e8 necessario fornire il consenso per i cookie tecnici, poich\u00e9 sono indispensabili per assicurarti i servizi richiesti. \u2003E&#8217; possibile bloccare o rimuovere i cookie tecnici modificando la configurazione delle opzioni del proprio browser. Se si disattivano o eliminando i cookie stessi. Tuttavia eseguendo queste operazioni, \u00e8 possibile che non si riesca ad accedere a determinate aree del sito web o ad utilizzare alcuni dei servizi offerti.<br \/>\nPer ulteriori informazioni ci rifacciamo all&#8217;informativa sulla\u00a0<a title=\"Privacy\" href=\"https:\/\/www.thecircleoflife.it\/footer-social\/link\/privacy\/\" data-id=\"1565\">privacy\u00a0<\/a>del sito.<\/p>\n<p><strong>2. Cookie per le prestazioni<\/strong><br \/>\n\u00c8 possibile che da parte nostra (o dei i fornitori di servizi che operano per nostro conto) vengano inseriti dei cookie per le prestazioni nel tuo dispositivo di navigazione. Le informazioni raccolte mediante i cookie per le prestazioni sono utilizzate esclusivamente da noi o nel nostro interesse.<\/p>\n<p>I cookie per le prestazioni raccolgono informazioni anonime relative al modo in cui gli utenti utilizzano il sito Web e le sue varie funzionalit\u00e0. Ad esempio, i nostri cookie per le prestazioni raccolgono informazioni in merito alle pagine del sito che visiti pi\u00f9 spesso e alle nostre pubblicit\u00e0 che compaiono su altri siti Web con cui interagisci, oltre a verificare se apri e leggi le comunicazioni che ti inviamo e se ricevi messaggi di errore. Le informazioni raccolte possono essere utilizzate per personalizzare la tua esperienza online mostrando contenuti specifici. I cookie per le prestazioni servono anche per limitare il numero di visualizzazioni di uno stesso annuncio pubblicitario. I nostri cookie per le prestazioni non raccolgono informazioni di carattere personale.<\/p>\n<p>Un collegamento alla nostra Cookie Policy \u00e8 disponibile tramite un link presente nel sito. Continuando a utilizzare questo sito Web e le sue funzionalit\u00e0, autorizzi noi (e gli inserzionisti esterni di questo sito Web) a inserire cookie per le prestazioni nel tuo dispositivo di navigazione.<\/p>\n<p>Per eliminare o gestire i cookie per le prestazioni, consultare l&#8217;ultima sezione della presente Cookie Policy.<\/p>\n<p>In particolare il sito utilizza Google Analytics che \u00e8 uno strumento di analisi di Google che aiuta i proprietari di siti web e app a capire come i visitatori interagiscono con i contenuti di loro propriet\u00e0. Si pu\u00f2 utilizzare un set di cookie per raccogliere informazioni e generare statistiche di utilizzo del sito web senza identificazione personale dei singoli visitatori da parte di Google.<\/p>\n<p>Oltre a generare rapporti sulle statistiche di utilizzo dei siti web, il tag pixel di Google Analytics pu\u00f2 essere utilizzato, insieme ad alcuni cookie per la pubblicit\u00e0 descritti sopra, per consentirci di mostrare risultati pi\u00f9 pertinenti nelle propriet\u00e0 di Google (come la Ricerca Google) e in tutto il Web.<\/p>\n<p>Per ulteriori informazioni \u00e8 possibile consultare questo sito\u00a0<a href=\"https:\/\/developers.google.com\/analytics\/devguides\/collection\/analyticsjs\/cookie-usage\" target=\"_blank\" rel=\"noopener\">cookie di Analytics e privacy<\/a>.<\/p>\n<p><strong>3. Cookie per funzionalit\u00e0<\/strong><br \/>\nCi riserviamo la possibilit\u00e0 di utilizzare da parte nostra (o dei i fornitori di servizi che operano per nostro conto) vengano inseriti dei cookie per funzionalit\u00e0 nel tuo dispositivo di navigazione. Qualora utilizzassimo questi cookies in ogni caso non condividiamo le informazioni raccolte mediante i cookie per funzionalit\u00e0 con eventuali inserzionisti n\u00e9 con terzi.<\/p>\n<p>Questi cookie sono utilizzati per memorizzare le scelte effettuate (preferenza della lingua, paese o altre impostazioni online) e per fornire le funzionalit\u00e0 personalizzate od ottimizzate selezionate dall&#8217;utente. I cookie per funzionalit\u00e0 possono essere utilizzati per offrirti servizi online o per evitare che ti vengano offerti servizi che hai rifiutato in passato.<\/p>\n<p>Peraltro informiamo che tecnicamente \u00e8 possibile autorizzare inserzionisti o terze parti a fornire contenuti e altre esperienze online tramite questo sito Web. In questo caso, la terza parte in questione potrebbe inserire i propri cookie per funzionalit\u00e0 nel tuo dispositivo e utilizzarli, in modo analogo a noi, al fine di fornirti funzionalit\u00e0 personalizzate e ottimizzare la tua esperienza d&#8217;uso. Selezionando opzioni e impostazioni personalizzate o funzionalit\u00e0 ottimizzate, autorizzi l&#8217;utilizzo da parte nostra dei cookie per funzionalit\u00e0 necessari a offrirti tali esperienze.<\/p>\n<p>Eliminando i cookie per funzionalit\u00e0, le preferenze o le impostazioni selezionate non verranno memorizzate per visite future.<\/p>\n<p>Nel caso in cui vengano utilizzati cookie di parti terze ci riserviamo di indicare dettagliatamente i link alle informative predisposte da tali soggetti.<\/p>\n<p>Il nostro sito non utilizza cookie per la profilazione degli utenti.<\/p>\n<p><strong>Visitatori registrati<\/strong><br \/>\nCi riserviamo il diritto di analizzare in forma aggregata le attivit\u00e0 online dei visitatori registrati sui nostri siti Web e sui servizi online tramite l&#8217;uso dei cookie e di altre tecnologie di tracciabilit\u00e0. Se hai scelto di ricevere comunicazioni da parte nostra, possiamo utilizzare i cookie e altre tecnologie di tracciabilit\u00e0 per personalizzare le future comunicazioni in funzione dei tuoi interessi in base ai consensi eventualmente espressi al momento della registrazione.<\/p>\n<p>Inoltre in tal caso, ci riserviamo il diritto di utilizzare cookie o altre tecnologie di tracciabilit\u00e0 all&#8217;interno delle comunicazioni che ricevi da noi (ad esempio, per sapere se queste sono state lette o aperte o per rilevare con quali contenuti hai interagito e quali collegamenti hai aperto), in modo da rendere le comunicazioni future pi\u00f9 rispondenti ai tuoi interessi.<\/p>\n<p>Se non desideri pi\u00f9 ricevere comunicazioni mirate, puoi fare clic sul collegamento per l&#8217;annullamento dell&#8217;iscrizione, disponibile nelle nostre comunicazioni, o revocare il consenso all&#8217;invio di comunicazioni a fini di marketing.<\/p>\n<p><strong>Abilitazione\/disabilitazione di cookie tramite il browser<\/strong><br \/>\nEsistono diversi modi per gestire i cookie e altre tecnologie di tracciabilit\u00e0. Modificando le impostazioni del browser, puoi accettare o rifiutare i cookie o decidere di ricevere un messaggio di avviso prima di accettare un cookie dai siti Web visitati. Ti ricordiamo che disabilitando completamente i cookie nel browser potresti non essere in grado di utilizzare tutte le nostre funzionalit\u00e0 interattive.<\/p>\n<p>Se utilizzi pi\u00f9 computer in postazioni diverse, assicurati che ogni browser sia impostato in modo da soddisfare le tue preferenze.<br \/>\nPuoi eliminare tutti i cookie installati nella cartella dei cookie del tuo browser. Ciascun browser presenta procedure diverse per la gestione delle impostazioni. Fai clic su uno dei collegamenti sottostanti per ottenere istruzioni specifiche.<\/p>\n<p><a href=\"http:\/\/windows.microsoft.com\/it-it\/windows7\/block-enable-or-allow-cookies\" target=\"_blank\" rel=\"noopener\">Microsoft Windows Explorer<\/a><\/p>\n<p><a href=\"https:\/\/support.google.com\/chrome\/bin\/answer.py?hl=it&amp;answer=95647&amp;p=cpn_cookies\" target=\"_blank\" rel=\"noopener\">Google Chrome<\/a><\/p>\n<p><a href=\"http:\/\/support.mozilla.org\/it-IT\/kb\/Enabling%20and%20disabling%20cookies\" target=\"_blank\" rel=\"noopener\">Mozilla Firefox<\/a><\/p>\n<p><a href=\"http:\/\/support.apple.com\/kb\/PH17191?viewlocale=it_IT&amp;locale=it_IT\" target=\"_blank\" rel=\"noopener\">Apple Safari<\/a><\/p>\n<p>Se non utilizzi nessuno dei browser sopra elencati, seleziona &#8220;cookie&#8221; nella relativa sezione della guida per scoprire dove si trova la tua cartella dei cookie.<\/p>\n<p><strong>Eliminazione dei cookie Flash<\/strong><br \/>\nFai clic sul collegamento qui di seguito per modificare le tue impostazioni relative ai cookie Flash.<br \/>\n<a href=\"http:\/\/www.macromedia.com\/support\/documentation\/it\/flashplayer\/help\/settings_manager02.html#118539\" target=\"_blank\" rel=\"noopener\">Disabilitazione dei cookie Flash<\/a><\/p>\n<p><strong>Attivazione e disattivazione dei cookies<\/strong><br \/>\nOltre a poter utilizzare gli strumenti previsti dal browser per attivare o disattivare i singoli cookies informiamo che il sito\u00a0<a href=\"http:\/\/www.youronlinechoices.com\/\" target=\"_blank\" rel=\"noopener\">www.youronlinechoices.com<\/a>\u00a0riporta l&#8217;elenco dei principali provider che lavorano con i gestori dei siti web per raccogliere e utilizzare informazioni utili alla fruizione della pubblicit\u00e0 comportamentale. Puoi disattivare o attivare tutte le societ\u00e0 o in alternativa regolare le preferenze individualmente per ogni societ\u00e0. Per farlo \u00e8 possibile utilizzare lo strumento che si trova nella pagina\u00a0<a href=\"http:\/\/www.youronlinechoices.com\/it\/le-tue-scelte\" target=\"_blank\" rel=\"noopener\">www.youronlinechoices.com\/it\/le-tue-scelte<\/a>.<\/p>\n<p>Ulteriori informazioni utili sui cookie sono disponibili a questi indirizzi:<\/p>\n<p><a href=\"http:\/\/www.allaboutcookies.org\/\" target=\"_blank\" rel=\"noopener\">www.allaboutcookies.org<\/a>\u00a0\u2013\u00a0<a href=\"http:\/\/www.youronlinechoices.com\/\" target=\"_blank\" rel=\"noopener\">www.youronlinechoices.com<\/a><\/p>\n","protected":false},"excerpt":{"rendered":"<p>Uso dei Cookies in questo sito Nella presente cookie policy viene descritto l&#8217;utilizzo dei cookies di questo sito. L&#8217;uso di c.d. cookies di sessione (che non vengono memorizzati in modo persistente sul computer dell&#8217;utente e svaniscono con la chiusura del browser) permette la trasmissione di identificativi di sessione (costituiti da numeri casuali generati dal server) [&hellip;]<\/p>\n","protected":false},"author":1,"featured_media":0,"parent":0,"menu_order":3,"comment_status":"closed","ping_status":"closed","template":"","meta":{"_acf_changed":false,"footnotes":""},"class_list":["post-1114","page","type-page","status-publish","hentry"],"acf":[],"yoast_head":"<!-- This site is optimized with the Yoast SEO plugin v22.8 - https:\/\/yoast.com\/wordpress\/plugins\/seo\/ -->\n<title>Cookie Policy - The Circle of Life<\/title>\n<meta name=\"robots\" content=\"index, follow, max-snippet:-1, max-image-preview:large, max-video-preview:-1\" \/>\n<link rel=\"canonical\" href=\"https:\/\/pianetadonna.aogoi.it\/en\/cookie-policy\/\" \/>\n<meta property=\"og:locale\" content=\"en_US\" \/>\n<meta property=\"og:type\" content=\"article\" \/>\n<meta property=\"og:title\" content=\"Cookie Policy - The Circle of Life\" \/>\n<meta property=\"og:description\" content=\"Uso dei Cookies in questo sito Nella presente cookie policy viene descritto l&#8217;utilizzo dei cookies di questo sito. L&#8217;uso di c.d. cookies di sessione (che non vengono memorizzati in modo persistente sul computer dell&#8217;utente e svaniscono con la chiusura del browser) permette la trasmissione di identificativi di sessione (costituiti da numeri casuali generati dal server) [&hellip;]\" \/>\n<meta property=\"og:url\" content=\"https:\/\/pianetadonna.aogoi.it\/en\/cookie-policy\/\" \/>\n<meta property=\"og:site_name\" content=\"The Circle of Life\" \/>\n<meta property=\"article:modified_time\" content=\"2024-06-12T08:19:21+00:00\" \/>\n<meta name=\"twitter:card\" content=\"summary_large_image\" \/>\n<meta name=\"twitter:label1\" content=\"Est. reading time\" \/>\n\t<meta name=\"twitter:data1\" content=\"8 minutes\" \/>\n<script type=\"application\/ld+json\" class=\"yoast-schema-graph\">{\"@context\":\"https:\/\/schema.org\",\"@graph\":[{\"@type\":\"WebPage\",\"@id\":\"https:\/\/pianetadonna.aogoi.it\/en\/cookie-policy\/\",\"url\":\"https:\/\/pianetadonna.aogoi.it\/en\/cookie-policy\/\",\"name\":\"Cookie Policy - The Circle of Life\",\"isPartOf\":{\"@id\":\"https:\/\/pianetadonna.aogoi.it\/en\/#website\"},\"datePublished\":\"2023-12-02T11:14:48+00:00\",\"dateModified\":\"2024-06-12T08:19:21+00:00\",\"breadcrumb\":{\"@id\":\"https:\/\/pianetadonna.aogoi.it\/en\/cookie-policy\/#breadcrumb\"},\"inLanguage\":\"en-US\",\"potentialAction\":[{\"@type\":\"ReadAction\",\"target\":[\"https:\/\/pianetadonna.aogoi.it\/en\/cookie-policy\/\"]}]},{\"@type\":\"BreadcrumbList\",\"@id\":\"https:\/\/pianetadonna.aogoi.it\/en\/cookie-policy\/#breadcrumb\",\"itemListElement\":[{\"@type\":\"ListItem\",\"position\":1,\"name\":\"Home\",\"item\":\"https:\/\/pianetadonna.aogoi.it\/en\/\"},{\"@type\":\"ListItem\",\"position\":2,\"name\":\"Cookie Policy\"}]},{\"@type\":\"WebSite\",\"@id\":\"https:\/\/pianetadonna.aogoi.it\/en\/#website\",\"url\":\"https:\/\/pianetadonna.aogoi.it\/en\/\",\"name\":\"The Circle of Life\",\"description\":\"Il filo della salute delle donne\",\"publisher\":{\"@id\":\"https:\/\/pianetadonna.aogoi.it\/en\/#organization\"},\"potentialAction\":[{\"@type\":\"SearchAction\",\"target\":{\"@type\":\"EntryPoint\",\"urlTemplate\":\"https:\/\/pianetadonna.aogoi.it\/en\/?s={search_term_string}\"},\"query-input\":\"required name=search_term_string\"}],\"inLanguage\":\"en-US\"},{\"@type\":\"Organization\",\"@id\":\"https:\/\/pianetadonna.aogoi.it\/en\/#organization\",\"name\":\"The Circle of Life\",\"url\":\"https:\/\/pianetadonna.aogoi.it\/en\/\",\"logo\":{\"@type\":\"ImageObject\",\"inLanguage\":\"en-US\",\"@id\":\"https:\/\/pianetadonna.aogoi.it\/en\/#\/schema\/logo\/image\/\",\"url\":\"https:\/\/pianetadonna.aogoi.it\/wp-content\/uploads\/2023\/12\/logo.png\",\"contentUrl\":\"https:\/\/pianetadonna.aogoi.it\/wp-content\/uploads\/2023\/12\/logo.png\",\"width\":260,\"height\":66,\"caption\":\"The Circle of Life\"},\"image\":{\"@id\":\"https:\/\/pianetadonna.aogoi.it\/en\/#\/schema\/logo\/image\/\"}}]}<\/script>\n<!-- \/ Yoast SEO plugin. -->","yoast_head_json":{"title":"Cookie Policy - The Circle of Life","robots":{"index":"index","follow":"follow","max-snippet":"max-snippet:-1","max-image-preview":"max-image-preview:large","max-video-preview":"max-video-preview:-1"},"canonical":"https:\/\/pianetadonna.aogoi.it\/en\/cookie-policy\/","og_locale":"en_US","og_type":"article","og_title":"Cookie Policy - The Circle of Life","og_description":"Uso dei Cookies in questo sito Nella presente cookie policy viene descritto l&#8217;utilizzo dei cookies di questo sito. L&#8217;uso di c.d. cookies di sessione (che non vengono memorizzati in modo persistente sul computer dell&#8217;utente e svaniscono con la chiusura del browser) permette la trasmissione di identificativi di sessione (costituiti da numeri casuali generati dal server) [&hellip;]","og_url":"https:\/\/pianetadonna.aogoi.it\/en\/cookie-policy\/","og_site_name":"The Circle of Life","article_modified_time":"2024-06-12T08:19:21+00:00","twitter_card":"summary_large_image","twitter_misc":{"Est. reading time":"8 minutes"},"schema":{"@context":"https:\/\/schema.org","@graph":[{"@type":"WebPage","@id":"https:\/\/pianetadonna.aogoi.it\/en\/cookie-policy\/","url":"https:\/\/pianetadonna.aogoi.it\/en\/cookie-policy\/","name":"Cookie Policy - The Circle of Life","isPartOf":{"@id":"https:\/\/pianetadonna.aogoi.it\/en\/#website"},"datePublished":"2023-12-02T11:14:48+00:00","dateModified":"2024-06-12T08:19:21+00:00","breadcrumb":{"@id":"https:\/\/pianetadonna.aogoi.it\/en\/cookie-policy\/#breadcrumb"},"inLanguage":"en-US","potentialAction":[{"@type":"ReadAction","target":["https:\/\/pianetadonna.aogoi.it\/en\/cookie-policy\/"]}]},{"@type":"BreadcrumbList","@id":"https:\/\/pianetadonna.aogoi.it\/en\/cookie-policy\/#breadcrumb","itemListElement":[{"@type":"ListItem","position":1,"name":"Home","item":"https:\/\/pianetadonna.aogoi.it\/en\/"},{"@type":"ListItem","position":2,"name":"Cookie Policy"}]},{"@type":"WebSite","@id":"https:\/\/pianetadonna.aogoi.it\/en\/#website","url":"https:\/\/pianetadonna.aogoi.it\/en\/","name":"The Circle of Life","description":"Il filo della salute delle donne","publisher":{"@id":"https:\/\/pianetadonna.aogoi.it\/en\/#organization"},"potentialAction":[{"@type":"SearchAction","target":{"@type":"EntryPoint","urlTemplate":"https:\/\/pianetadonna.aogoi.it\/en\/?s={search_term_string}"},"query-input":"required name=search_term_string"}],"inLanguage":"en-US"},{"@type":"Organization","@id":"https:\/\/pianetadonna.aogoi.it\/en\/#organization","name":"The Circle of Life","url":"https:\/\/pianetadonna.aogoi.it\/en\/","logo":{"@type":"ImageObject","inLanguage":"en-US","@id":"https:\/\/pianetadonna.aogoi.it\/en\/#\/schema\/logo\/image\/","url":"https:\/\/pianetadonna.aogoi.it\/wp-content\/uploads\/2023\/12\/logo.png","contentUrl":"https:\/\/pianetadonna.aogoi.it\/wp-content\/uploads\/2023\/12\/logo.png","width":260,"height":66,"caption":"The Circle of Life"},"image":{"@id":"https:\/\/pianetadonna.aogoi.it\/en\/#\/schema\/logo\/image\/"}}]}},"_links":{"self":[{"href":"https:\/\/pianetadonna.aogoi.it\/en\/wp-json\/wp\/v2\/pages\/1114","targetHints":{"allow":["GET"]}}],"collection":[{"href":"https:\/\/pianetadonna.aogoi.it\/en\/wp-json\/wp\/v2\/pages"}],"about":[{"href":"https:\/\/pianetadonna.aogoi.it\/en\/wp-json\/wp\/v2\/types\/page"}],"author":[{"embeddable":true,"href":"https:\/\/pianetadonna.aogoi.it\/en\/wp-json\/wp\/v2\/users\/1"}],"replies":[{"embeddable":true,"href":"https:\/\/pianetadonna.aogoi.it\/en\/wp-json\/wp\/v2\/comments?post=1114"}],"version-history":[{"count":1,"href":"https:\/\/pianetadonna.aogoi.it\/en\/wp-json\/wp\/v2\/pages\/1114\/revisions"}],"predecessor-version":[{"id":14595,"href":"https:\/\/pianetadonna.aogoi.it\/en\/wp-json\/wp\/v2\/pages\/1114\/revisions\/14595"}],"wp:attachment":[{"href":"https:\/\/pianetadonna.aogoi.it\/en\/wp-json\/wp\/v2\/media?parent=1114"}],"curies":[{"name":"wp","href":"https:\/\/api.w.org\/{rel}","templated":true}]}}